{"id":43772,"date":"2026-03-22T23:02:56","date_gmt":"2026-03-22T22:02:56","guid":{"rendered":"https:\/\/www.lafemmemimi.com\/?post_type=product&#038;p=43772"},"modified":"2026-04-01T12:51:24","modified_gmt":"2026-04-01T10:51:24","slug":"ha-dong-silk-wrap-dress","status":"publish","type":"product","link":"https:\/\/www.lafemmemimi.com\/en\/product\/ha-dong-silk-wrap-dress\/","title":{"rendered":"Ha Dong Silk Wrap Dress"},"content":{"rendered":"<p data-start=\"77\" data-end=\"288\">B\u00fan ch\u1ea3 is a traditional Vietnamese dish \u2013 grilled pork served with rice noodles, fresh herbs, and a sweet-and-sour sauce. It originates from Hanoi and is one of the most well-known dishes of Vietnamese cuisine.<\/p>\n<p data-start=\"290\" data-end=\"624\">Antonie is wearing a beautiful wrap dress made from Vietnamese silk \u201cL\u1ee5a H\u00e0 \u0110\u00f4ng.\u201d This style is very popular with #lafemmemimi \u2013 and it\u2019s easy to see why. The romantic sleeves can be adjusted to your liking, it features practical pockets, and the wrap silhouette flatters every figure. The length falls elegantly just below the knee.<\/p>\n<p data-start=\"626\" data-end=\"861\">Silk is simply an amazing material \u2013 you already know that \ud83d\ude42 It keeps you cool in summer and comfortably adapts in cooler weather. We recommend hand washing, ideally with a gentle hair shampoo, and ironing on a delicate silk setting.<\/p>\n","protected":false},"excerpt":{"rendered":"<p>B\u00fan ch\u1ea3 is a traditional Vietnamese dish \u2013 grilled pork served with rice noodles, fresh&#8230;<\/p>\n","protected":false},"featured_media":43662,"template":"","meta":{"_acf_changed":false,"_relevanssi_hide_post":"","_relevanssi_hide_content":"","_relevanssi_pin_for_all":"","_relevanssi_pin_keywords":"","_relevanssi_unpin_keywords":"","_relevanssi_related_keywords":"","_relevanssi_related_include_ids":"","_relevanssi_related_exclude_ids":"","_relevanssi_related_no_append":"","_relevanssi_related_not_related":"","_relevanssi_related_posts":"","_relevanssi_noindex_reason":"","wds_primary_product_collection":0,"wds_primary_product_brand":0,"wds_primary_product_cat":0},"product_brand":[],"product_cat":[553,397],"product_tag":[],"class_list":{"0":"post-43772","1":"product","2":"type-product","3":"status-publish","4":"has-post-thumbnail","6":"product_cat-dresses","7":"product_cat-latest-collection","9":"first","10":"instock","11":"taxable","12":"shipping-taxable","13":"purchasable","14":"product-type-simple"},"acf":[],"_links":{"self":[{"href":"https:\/\/www.lafemmemimi.com\/en\/wp-json\/wp\/v2\/product\/43772","targetHints":{"allow":["GET"]}}],"collection":[{"href":"https:\/\/www.lafemmemimi.com\/en\/wp-json\/wp\/v2\/product"}],"about":[{"href":"https:\/\/www.lafemmemimi.com\/en\/wp-json\/wp\/v2\/types\/product"}],"wp:featuredmedia":[{"embeddable":true,"href":"https:\/\/www.lafemmemimi.com\/en\/wp-json\/wp\/v2\/media\/43662"}],"wp:attachment":[{"href":"https:\/\/www.lafemmemimi.com\/en\/wp-json\/wp\/v2\/media?parent=43772"}],"wp:term":[{"taxonomy":"product_brand","embeddable":true,"href":"https:\/\/www.lafemmemimi.com\/en\/wp-json\/wp\/v2\/product_brand?post=43772"},{"taxonomy":"product_cat","embeddable":true,"href":"https:\/\/www.lafemmemimi.com\/en\/wp-json\/wp\/v2\/product_cat?post=43772"},{"taxonomy":"product_tag","embeddable":true,"href":"https:\/\/www.lafemmemimi.com\/en\/wp-json\/wp\/v2\/product_tag?post=43772"}],"curies":[{"name":"wp","href":"https:\/\/api.w.org\/{rel}","templated":true}]}}