{"id":43786,"date":"2026-03-19T18:12:32","date_gmt":"2026-03-19T17:12:32","guid":{"rendered":"https:\/\/www.lafemmemimi.com\/?post_type=product&#038;p=43786"},"modified":"2026-04-01T13:07:49","modified_gmt":"2026-04-01T11:07:49","slug":"silk-scarf","status":"publish","type":"product","link":"https:\/\/www.lafemmemimi.com\/en\/product\/silk-scarf\/","title":{"rendered":"Silk Scarf"},"content":{"rendered":"<p data-start=\"94\" data-end=\"191\"><strong data-start=\"94\" data-end=\"124\">I would take you anywhere,<\/strong><br data-start=\"124\" data-end=\"127\" \/>I want to be with you always,<br data-start=\"156\" data-end=\"159\" \/>I\u2019ll accompany you everywhere\u2026<\/p>\n<p data-start=\"193\" data-end=\"377\">Our <strong data-start=\"197\" data-end=\"222\">zero-waste silk scarf<\/strong> is versatile, matches everything, and is designed so it won\u2019t slip off your neck \u2013 you\u2019ll never lose it.<br data-start=\"327\" data-end=\"330\" \/>It always stays beautifully tied and stylish.<\/p>\n<p data-start=\"379\" data-end=\"530\">The silk comes from <strong data-start=\"399\" data-end=\"408\">Hanoi<\/strong>,<br data-start=\"409\" data-end=\"412\" \/>and the scarf is sewn here in the <strong data-start=\"446\" data-end=\"464\">Czech Republic<\/strong>, in \u010cesk\u00e1 L\u00edpa, where our skilled tailor Petra lives and works.<\/p>\n<p data-start=\"532\" data-end=\"600\">The silk material <strong data-start=\"550\" data-end=\"597\">keeps you cool in summer and warm in winter<\/strong>.<\/p>\n<p data-start=\"602\" data-end=\"736\"><strong data-start=\"602\" data-end=\"624\">Care instructions:<\/strong> We recommend hand-washing in lukewarm water using hair shampoo \u2013 it washes quickly and is gentle on the silk.<\/p>\n","protected":false},"excerpt":{"rendered":"<p>I would take you anywhere,I want to be with you always,I\u2019ll accompany you everywhere\u2026 Our&#8230;<\/p>\n","protected":false},"featured_media":43468,"template":"","meta":{"_acf_changed":false,"_relevanssi_hide_post":"","_relevanssi_hide_content":"","_relevanssi_pin_for_all":"","_relevanssi_pin_keywords":"","_relevanssi_unpin_keywords":"","_relevanssi_related_keywords":"","_relevanssi_related_include_ids":"","_relevanssi_related_exclude_ids":"","_relevanssi_related_no_append":"","_relevanssi_related_not_related":"","_relevanssi_related_posts":"","_relevanssi_noindex_reason":"","wds_primary_product_collection":0,"wds_primary_product_brand":0,"wds_primary_product_cat":0},"product_brand":[],"product_cat":[393,397,555],"product_tag":[],"class_list":{"0":"post-43786","1":"product","2":"type-product","3":"status-publish","4":"has-post-thumbnail","6":"product_cat-accessories","7":"product_cat-latest-collection","8":"product_cat-scarves-collars-belts","10":"first","11":"instock","12":"taxable","13":"shipping-taxable","14":"purchasable","15":"product-type-simple"},"acf":[],"_links":{"self":[{"href":"https:\/\/www.lafemmemimi.com\/en\/wp-json\/wp\/v2\/product\/43786","targetHints":{"allow":["GET"]}}],"collection":[{"href":"https:\/\/www.lafemmemimi.com\/en\/wp-json\/wp\/v2\/product"}],"about":[{"href":"https:\/\/www.lafemmemimi.com\/en\/wp-json\/wp\/v2\/types\/product"}],"wp:featuredmedia":[{"embeddable":true,"href":"https:\/\/www.lafemmemimi.com\/en\/wp-json\/wp\/v2\/media\/43468"}],"wp:attachment":[{"href":"https:\/\/www.lafemmemimi.com\/en\/wp-json\/wp\/v2\/media?parent=43786"}],"wp:term":[{"taxonomy":"product_brand","embeddable":true,"href":"https:\/\/www.lafemmemimi.com\/en\/wp-json\/wp\/v2\/product_brand?post=43786"},{"taxonomy":"product_cat","embeddable":true,"href":"https:\/\/www.lafemmemimi.com\/en\/wp-json\/wp\/v2\/product_cat?post=43786"},{"taxonomy":"product_tag","embeddable":true,"href":"https:\/\/www.lafemmemimi.com\/en\/wp-json\/wp\/v2\/product_tag?post=43786"}],"curies":[{"name":"wp","href":"https:\/\/api.w.org\/{rel}","templated":true}]}}